{"id":2588,"date":"2025-05-29T14:04:10","date_gmt":"2025-05-29T19:04:10","guid":{"rendered":"https:\/\/cusconavelagency.com\/?page_id=2588"},"modified":"2025-09-16T16:07:25","modified_gmt":"2025-09-16T21:07:25","slug":"metodos-pago","status":"publish","type":"page","link":"https:\/\/cusconavelagency.com\/en\/metodos-pago\/","title":{"rendered":"metodos pago"},"content":{"rendered":"\n<div class=\"section-wrapper\" data-id=\"s4LaPD\"><section class=\"wp-block-gutenverse-section guten-element guten-section guten-s4LaPD layout-boxed align-stretch\"><div class=\"guten-background-overlay\"><\/div><div class=\"guten-container guten-column-gap-default\">\n<div class=\"wp-block-gutenverse-column guten-element guten-column guten-SHmO9k\"><div class=\"guten-column-wrapper\" data-id=\"SHmO9k\">\n<h2 class=\"wp-block-gutenverse-heading guten-element guten-EyoWIh\">M\u00e9todos de Pagos<\/h2>\n\n\n\n<div class=\"guten-element guten-icon-list guten-zy92b3\"><div class=\" list-wrapper inline-icon-list\">\n<div class=\"guten-element guten-icon-list-item guten-NUQU6H\"><div class=\"list-divider\"><\/div><a id=\"guten-NUQU6H\" href=\"https:\/\/cusconavelagency.com\/\"><span class=\"list-text no-icon\">Inicio<\/span><\/a><\/div>\n\n\n\n<div class=\"guten-element guten-icon-list-item guten-P9Zx4Q\"><div class=\"list-divider\"><\/div><a id=\"guten-P9Zx4Q\" href=\"https:\/\/cusconavelagency.com\/metodos-pago\/\"><i class=\"fas fa-chevron-right\"><\/i><span class=\"list-text \">Metodos de pagos<\/span><\/a><\/div>\n<\/div><\/div>\n<\/div><\/div>\n<\/div><\/section><\/div>\n\n\n<style>.kb-row-layout-id2588_9971f5-3e > .kt-row-column-wrap{align-content:start;}:where(.kb-row-layout-id2588_9971f5-3e > .kt-row-column-wrap) > .wp-block-kadence-column{justify-content:start;}.kb-row-layout-id2588_9971f5-3e > .kt-row-column-wrap{column-gap:var(--global-kb-gap-md, 2rem);row-gap:var(--global-kb-gap-md, 2rem);max-width:var( --global-content-width, 1290px );padding-left:var(--global-content-edge-padding);padding-right:var(--global-content-edge-padding);padding-top:var(--global-kb-spacing-xl, 4rem);padding-bottom:var(--global-kb-spacing-xl, 4rem);grid-template-columns:minmax(0, 1fr);}.kb-row-layout-id2588_9971f5-3e > .kt-row-layout-overlay{opacity:0.30;}@media all and (max-width: 1024px){.kb-row-layout-id2588_9971f5-3e > .kt-row-column-wrap{grid-template-columns:minmax(0, 1fr);}}@media all and (max-width: 767px){.kb-row-layout-id2588_9971f5-3e > .kt-row-column-wrap{grid-template-columns:minmax(0, 1fr);}}<\/style><div class=\"kb-row-layout-wrap kb-row-layout-id2588_9971f5-3e alignfull has-theme-palette9-background-color kt-row-has-bg wp-block-kadence-rowlayout\"><div class=\"kt-row-column-wrap kt-has-1-columns kt-row-layout-equal kt-tab-layout-inherit kt-mobile-layout-row kt-row-valign-top kb-theme-content-width\">\n<style>.kadence-column2588_ea6ede-9d > .kt-inside-inner-col,.kadence-column2588_ea6ede-9d > .kt-inside-inner-col:before{border-top-left-radius:0px;border-top-right-radius:0px;border-bottom-right-radius:0px;border-bottom-left-radius:0px;}.kadence-column2588_ea6ede-9d > .kt-inside-inner-col{column-gap:var(--global-kb-gap-sm, 1rem);}.kadence-column2588_ea6ede-9d > .kt-inside-inner-col{flex-direction:column;}.kadence-column2588_ea6ede-9d > .kt-inside-inner-col > .aligncenter{width:100%;}.kadence-column2588_ea6ede-9d > .kt-inside-inner-col:before{opacity:0.3;}.kadence-column2588_ea6ede-9d{position:relative;}@media all and (max-width: 1024px){.kadence-column2588_ea6ede-9d > .kt-inside-inner-col{flex-direction:column;justify-content:center;}}@media all and (max-width: 767px){.kadence-column2588_ea6ede-9d > .kt-inside-inner-col{flex-direction:column;justify-content:center;}}<\/style>\n<div class=\"wp-block-kadence-column kadence-column2588_ea6ede-9d\"><div class=\"kt-inside-inner-col\"><style>.wp-block-kadence-advancedheading.kt-adv-heading2588_37a15e-a1, .wp-block-kadence-advancedheading.kt-adv-heading2588_37a15e-a1[data-kb-block=\"kb-adv-heading2588_37a15e-a1\"]{text-align:center;font-size:var(--global-kb-font-size-md, 1.25rem);line-height:1;font-style:normal;text-transform:uppercase;letter-spacing:2px;}.wp-block-kadence-advancedheading.kt-adv-heading2588_37a15e-a1 mark.kt-highlight, .wp-block-kadence-advancedheading.kt-adv-heading2588_37a15e-a1[data-kb-block=\"kb-adv-heading2588_37a15e-a1\"] mark.kt-highlight{font-style:normal;color:#f76a0c;-webkit-box-decoration-break:clone;box-decoration-break:clone;padding-top:0px;padding-right:0px;padding-bottom:0px;padding-left:0px;}.wp-block-kadence-advancedheading.kt-adv-heading2588_37a15e-a1 img.kb-inline-image, .wp-block-kadence-advancedheading.kt-adv-heading2588_37a15e-a1[data-kb-block=\"kb-adv-heading2588_37a15e-a1\"] img.kb-inline-image{width:150px;vertical-align:baseline;}<\/style>\n<h1 class=\"kt-adv-heading2588_37a15e-a1 wp-block-kadence-advancedheading has-theme-palette-1-color has-text-color\" data-kb-block=\"kb-adv-heading2588_37a15e-a1\"><strong><strong>Formas de Pago Seguras y C\u00f3modas<\/strong><\/strong><\/h1>\n\n\n<style>.kb-row-layout-id2588_4e18ac-55 > .kt-row-column-wrap{align-content:start;}:where(.kb-row-layout-id2588_4e18ac-55 > .kt-row-column-wrap) > .wp-block-kadence-column{justify-content:start;}.kb-row-layout-id2588_4e18ac-55 > .kt-row-column-wrap{column-gap:var(--global-kb-gap-md, 2rem);row-gap:var(--global-kb-gap-md, 2rem);max-width:650px;margin-left:auto;margin-right:auto;grid-template-columns:minmax(0, 1fr);}.kb-row-layout-id2588_4e18ac-55 > .kt-row-layout-overlay{opacity:0.30;}@media all and (max-width: 1024px){.kb-row-layout-id2588_4e18ac-55 > .kt-row-column-wrap{grid-template-columns:minmax(0, 1fr);}}@media all and (max-width: 767px){.kb-row-layout-id2588_4e18ac-55 > .kt-row-column-wrap{grid-template-columns:minmax(0, 1fr);}}<\/style><div class=\"kb-row-layout-wrap kb-row-layout-id2588_4e18ac-55 alignnone wp-block-kadence-rowlayout\"><div class=\"kt-row-column-wrap kt-has-1-columns kt-row-layout-equal kt-tab-layout-inherit kt-mobile-layout-row kt-row-valign-top\">\n<style>.kadence-column2588_f874ef-95 > .kt-inside-inner-col,.kadence-column2588_f874ef-95 > .kt-inside-inner-col:before{border-top-left-radius:0px;border-top-right-radius:0px;border-bottom-right-radius:0px;border-bottom-left-radius:0px;}.kadence-column2588_f874ef-95 > .kt-inside-inner-col{column-gap:var(--global-kb-gap-sm, 1rem);}.kadence-column2588_f874ef-95 > .kt-inside-inner-col{flex-direction:column;}.kadence-column2588_f874ef-95 > .kt-inside-inner-col > .aligncenter{width:100%;}.kadence-column2588_f874ef-95 > .kt-inside-inner-col:before{opacity:0.3;}.kadence-column2588_f874ef-95{position:relative;}@media all and (max-width: 1024px){.kadence-column2588_f874ef-95 > .kt-inside-inner-col{flex-direction:column;justify-content:center;}}@media all and (max-width: 767px){.kadence-column2588_f874ef-95 > .kt-inside-inner-col{flex-direction:column;justify-content:center;}}<\/style>\n<div class=\"wp-block-kadence-column kadence-column2588_f874ef-95\"><div class=\"kt-inside-inner-col\"><style>.wp-block-kadence-advancedheading.kt-adv-heading2588_8ec5c0-cb, .wp-block-kadence-advancedheading.kt-adv-heading2588_8ec5c0-cb[data-kb-block=\"kb-adv-heading2588_8ec5c0-cb\"]{margin-top:var(--global-kb-spacing-md, 2rem);margin-bottom:var(--global-kb-spacing-md, 2rem);text-align:center;font-size:var(--global-kb-font-size-xl, 3rem);line-height:1.4;font-style:normal;}.wp-block-kadence-advancedheading.kt-adv-heading2588_8ec5c0-cb mark.kt-highlight, .wp-block-kadence-advancedheading.kt-adv-heading2588_8ec5c0-cb[data-kb-block=\"kb-adv-heading2588_8ec5c0-cb\"] mark.kt-highlight{font-style:normal;color:#f76a0c;-webkit-box-decoration-break:clone;box-decoration-break:clone;padding-top:0px;padding-right:0px;padding-bottom:0px;padding-left:0px;}.wp-block-kadence-advancedheading.kt-adv-heading2588_8ec5c0-cb img.kb-inline-image, .wp-block-kadence-advancedheading.kt-adv-heading2588_8ec5c0-cb[data-kb-block=\"kb-adv-heading2588_8ec5c0-cb\"] img.kb-inline-image{width:150px;vertical-align:baseline;}<\/style>\n<h2 class=\"kt-adv-heading2588_8ec5c0-cb wp-block-kadence-advancedheading has-theme-palette-3-color has-text-color\" data-kb-block=\"kb-adv-heading2588_8ec5c0-cb\"><strong>Elige el m\u00e9todo de pago que m\u00e1s se adapte a ti<\/strong><\/h2>\n<\/div><\/div>\n\n<\/div><\/div>\n\n<style>.wp-block-kadence-advancedheading.kt-adv-heading2588_7c92a5-03, .wp-block-kadence-advancedheading.kt-adv-heading2588_7c92a5-03[data-kb-block=\"kb-adv-heading2588_7c92a5-03\"]{text-align:center;font-size:var(--global-kb-font-size-md, 1.25rem);line-height:1;font-style:normal;letter-spacing:2px;}.wp-block-kadence-advancedheading.kt-adv-heading2588_7c92a5-03 mark.kt-highlight, .wp-block-kadence-advancedheading.kt-adv-heading2588_7c92a5-03[data-kb-block=\"kb-adv-heading2588_7c92a5-03\"] mark.kt-highlight{font-style:normal;color:#f76a0c;-webkit-box-decoration-break:clone;box-decoration-break:clone;padding-top:0px;padding-right:0px;padding-bottom:0px;padding-left:0px;}.wp-block-kadence-advancedheading.kt-adv-heading2588_7c92a5-03 img.kb-inline-image, .wp-block-kadence-advancedheading.kt-adv-heading2588_7c92a5-03[data-kb-block=\"kb-adv-heading2588_7c92a5-03\"] img.kb-inline-image{width:150px;vertical-align:baseline;}<\/style>\n<p class=\"kt-adv-heading2588_7c92a5-03 wp-block-kadence-advancedheading has-theme-palette-7-color has-text-color\" data-kb-block=\"kb-adv-heading2588_7c92a5-03\">En nuestra agencia nos adaptamos a ti. Aceptamos m\u00faltiples m\u00e9todos de pago tanto para clientes nacionales como internacionales. Ya sea mediante tarjetas, transferencias o apps m\u00f3viles, te garantizamos un proceso f\u00e1cil, seguro y r\u00e1pido.<br>Selecciona su origen para ver las opciones disponibles.<\/p>\n\n\n\r\n<style>\r\n.metodos-container {\r\n  display: flex;\r\n  justify-content: center;\r\n  flex-wrap: wrap;\r\n  gap: 20px;\r\n  font-family: 'Segoe UI', sans-serif;\r\n  margin-top: 20px;\r\n  text-align: center;\r\n}\r\n\r\n.metodo-btn {\r\n  padding: 15px 25px;\r\n  background-color: #0073aa;\r\n  color: #fff;\r\n  border: none;\r\n  border-radius: 8px;\r\n  cursor: pointer;\r\n  font-weight: bold;\r\n  transition: background 0.3s;\r\n}\r\n\r\n.metodo-btn:hover {\r\n  background-color: #005c8a;\r\n}\r\n\r\n.pagos-panel {\r\n  max-width: 800px;\r\n  margin: 30px auto;\r\n  display: none;\r\n  padding: 20px;\r\n  border-radius: 10px;\r\n  border: 1px solid #ddd;\r\n  animation: fadeIn 0.5s ease-in-out;\r\n  text-align: center;\r\n}\r\n\r\n.pagos-panel.active {\r\n  display: block;\r\n}\r\n\r\n.pago-icons {\r\n  display: flex;\r\n  justify-content: center;\r\n  flex-wrap: wrap;\r\n  gap: 20px;\r\n  margin: 20px 0;\r\n}\r\n\r\n.pago-icons img {\r\n  width: 380px;\r\n  height: auto;\r\n}\r\n\r\n.pago-info {\r\n  margin-top: 20px;\r\n  background: #f9f9f9;\r\n  border-left: 4px solid #0073aa;\r\n  padding: 15px;\r\n  border-radius: 6px;\r\n  display: inline-block;\r\n  text-align: left;\r\n}\r\n\r\n.pago-link {\r\n  display: inline-block;\r\n  margin-top: 20px;\r\n  padding: 12px 20px;\r\n  background-color: #28a745;\r\n  color: #fff;\r\n  text-decoration: none;\r\n  border-radius: 6px;\r\n  font-weight: bold;\r\n  transition: background 0.3s;\r\n}\r\n\r\n.pago-link:hover {\r\n  background-color: #1e7e34;\r\n}\r\n\r\n.pago-item {\r\n  display: flex;\r\n  align-items: flex-start;\r\n  justify-content: center;\r\n  gap: 15px;\r\n  margin-bottom: 15px;\r\n  text-align: left;\r\n}\r\n\r\n.pago-item img {\r\n  width: 80px;\r\n  height: auto;\r\n  margin-top: 4px;\r\n}\r\n\r\n@keyframes fadeIn {\r\n  from {opacity: 0; transform: translateY(10px);}\r\n  to {opacity: 1; transform: translateY(0);}\r\n}\r\n<\/style>\r\n\r\n<div class=\"metodos-container\">\r\n  <button class=\"metodo-btn\" onclick=\"mostrarPagos('extranjeros')\">Pagos Extranjeros<\/button>\r\n  <button class=\"metodo-btn\" onclick=\"mostrarPagos('nacionales')\">Pagos Nacionales<\/button>\r\n<\/div>\r\n\r\n<div id=\"extranjeros\" class=\"pagos-panel\">\r\n  <h3>Pagos para Extranjeros<\/h3>\r\n  \r\n  <div>\r\n    <p><strong>Tarjetas Aceptadas:<\/strong><\/p>\r\n    <div class=\"pago-icons\">\r\n      <img decoding=\"async\" src=\"https:\/\/cusconavelagency.com\/wp-content\/uploads\/2024\/08\/payment-methods-700-300x54-1.png\" alt=\"payment-methods\">\r\n    <\/div>\r\n    <a href=\"https:\/\/secure.micuentaweb.pe\/vads-site\/IZI_CUSCO_NAVEL_AGENCY_DOLARES\" target=\"_blank\" class=\"pago-link\">Proceder con el pago<\/a>\r\n  <\/div>\r\n\r\n  <div class=\"pago-info\">\r\n    <p><strong>Western Union:<\/strong><br>\r\n\tEnviar a Nombre de:<br> \r\n    EDSON FILIBERTO ZUNIGA HUILLCA<br>\r\n\tDNI: 25000368<br>\r\n\tDepartamento: Cusco<br>\r\n\tProvincia: Cusco<br>\r\n\tDistrito: Cusco<br>\r\n\tPago recomendado: <strong>D\u00eda siguiente<\/strong><\/p>\t  \r\n  <\/div>\r\n<\/div>\r\n\r\n<div id=\"nacionales\" class=\"pagos-panel\">\r\n  <h3>Pagos para Nacionales<\/h3>\r\n\r\n  <div class=\"pago-item\">\r\n    <img decoding=\"async\" src=\"https:\/\/cusconavelagency.com\/wp-content\/uploads\/2025\/05\/logo-plin-fondo-transparente.png\" alt=\"Plin\">\r\n    <div>\r\n      <strong>Plin<\/strong><br>\r\n      N\u00famero: 984-891-219<br>\r\n      Titular: ROSMERY ZUNIGA HUILLCA\r\n    <\/div>\r\n  <\/div>\r\n\r\n  <div class=\"pago-info\">\r\n    <p><strong>Dep\u00f3sito Bancario:<\/strong><br>\r\n    Banco Interbank <br>\r\n    Cta. : 420-3003772321<br>\r\n\tCCI. : 003-420-003003772321-77<br>\r\n\tTitular: INVERSIONES CUSCO NAVEL S.R.L.<\/p>\r\n  <\/div>\r\n<\/div>\r\n\r\n<script>\r\nfunction mostrarPagos(id) {\r\n  const panels = document.querySelectorAll('.pagos-panel');\r\n  panels.forEach(panel => panel.classList.remove('active'));\r\n  document.getElementById(id).classList.add('active');\r\n}\r\n<\/script>\r\n\r\n\n<\/div><\/div>\n\n<\/div><\/div>","protected":false},"excerpt":{"rendered":"<p>Formas de Pago Seguras y C\u00f3modas Elige el m\u00e9todo de pago que m\u00e1s se adapte a ti En nuestra agencia nos adaptamos a ti. Aceptamos m\u00faltiples m\u00e9todos de pago tanto para clientes nacionales como internacionales. Ya sea mediante tarjetas, transferencias o apps m\u00f3viles, te garantizamos un proceso f\u00e1cil, seguro y r\u00e1pido.Selecciona su origen para ver&#8230;<\/p>","protected":false},"author":2,"featured_media":0,"parent":0,"menu_order":0,"comment_status":"closed","ping_status":"closed","template":"","meta":{"_gspb_post_css":"","_kad_post_transparent":"default","_kad_post_title":"hide","_kad_post_layout":"fullwidth","_kad_post_sidebar_id":"","_kad_post_content_style":"unboxed","_kad_post_vertical_padding":"","_kad_post_feature":"","_kad_post_feature_position":"","_kad_post_header":false,"_kad_post_footer":false,"_kad_post_classname":"","footnotes":""},"class_list":["post-2588","page","type-page","status-publish","hentry"],"aioseo_notices":[],"_links":{"self":[{"href":"https:\/\/cusconavelagency.com\/en\/wp-json\/wp\/v2\/pages\/2588","targetHints":{"allow":["GET"]}}],"collection":[{"href":"https:\/\/cusconavelagency.com\/en\/wp-json\/wp\/v2\/pages"}],"about":[{"href":"https:\/\/cusconavelagency.com\/en\/wp-json\/wp\/v2\/types\/page"}],"author":[{"embeddable":true,"href":"https:\/\/cusconavelagency.com\/en\/wp-json\/wp\/v2\/users\/2"}],"replies":[{"embeddable":true,"href":"https:\/\/cusconavelagency.com\/en\/wp-json\/wp\/v2\/comments?post=2588"}],"version-history":[{"count":9,"href":"https:\/\/cusconavelagency.com\/en\/wp-json\/wp\/v2\/pages\/2588\/revisions"}],"predecessor-version":[{"id":2832,"href":"https:\/\/cusconavelagency.com\/en\/wp-json\/wp\/v2\/pages\/2588\/revisions\/2832"}],"wp:attachment":[{"href":"https:\/\/cusconavelagency.com\/en\/wp-json\/wp\/v2\/media?parent=2588"}],"curies":[{"name":"wp","href":"https:\/\/api.w.org\/{rel}","templated":true}]}}