{"id":2167,"date":"2024-11-17T11:25:15","date_gmt":"2024-11-17T16:25:15","guid":{"rendered":"https:\/\/cusconavelagency.com\/?page_id=2167"},"modified":"2024-11-17T11:26:43","modified_gmt":"2024-11-17T16:26:43","slug":"restricciones-y-requisitos-generales-para-nuestros-tours","status":"publish","type":"page","link":"https:\/\/cusconavelagency.com\/en\/restricciones-y-requisitos-generales-para-nuestros-tours\/","title":{"rendered":"Restricciones y Requisitos Generales para Nuestros Tours"},"content":{"rendered":"<div class=\"section-wrapper\" data-id=\"s4LaPD\"><section class=\"wp-block-gutenverse-section guten-element guten-section guten-s4LaPD layout-boxed align-stretch\"><div class=\"guten-background-overlay\"><\/div><div class=\"guten-container guten-column-gap-default\">\n<div class=\"wp-block-gutenverse-column guten-element guten-column guten-SHmO9k\"><div class=\"guten-column-wrapper\" data-id=\"SHmO9k\">\n<h2 class=\"wp-block-gutenverse-heading guten-element guten-EyoWIh\">Restricciones y Requisitos Generales para Nuestros Tours<\/h2>\n\n\n\n<div class=\"guten-element guten-icon-list guten-zy92b3 inline-icon-list\">\n<div class=\"guten-element guten-icon-list-item guten-NUQU6H\"><a id=\"guten-NUQU6H\" href=\"https:\/\/cusconavelagency.com\/en\/\"><span class=\"list-text no-icon\">Home<\/span><\/a><\/div>\n\n\n\n<div class=\"guten-element guten-icon-list-item guten-P9Zx4Q\"><a id=\"guten-P9Zx4Q\" href=\"https:\/\/cusconavelagency.com\/en\/blog\/\"><i class=\"fas fa-chevron-right\"><\/i><span class=\"list-text\">Blog<\/span><\/a><\/div>\n<\/div>\n<\/div><\/div>\n<\/div><\/section><\/div>\n\n\n\n<div class=\"section-wrapper\" data-id=\"jE5fRc\"><section class=\"wp-block-gutenverse-section guten-element guten-section guten-jE5fRc layout-boxed align-stretch\"><div class=\"guten-container guten-column-gap-default\">\n<div class=\"wp-block-gutenverse-column guten-element guten-column guten-KhvMhz\"><div class=\"guten-column-wrapper\" data-id=\"KhvMhz\">\n<h2 class=\"wp-block-gutenverse-heading guten-element guten-bsCdV0\">Antes de embarcarte en esta experiencia inolvidable,<br>ten en cuenta las siguientes consideraciones:<\/h2>\n\n\n\n<div class=\"guten-element gutenverse-text-editor guten-0vkpId\"><div class=\"text-content-inner\">\n<p><br>\ud83c\udf3f <strong>Restricciones Alimentarias:<\/strong><br>&#8211;  Ind\u00edcanos si tienes alergias, intolerancias o preferencias alimenticias (vegetariana, vegana, etc.) al momento de reservar.<br>&#8211;  Haremos nuestro mejor esfuerzo para adaptarnos, pero en \u00e1reas remotas puede haber opciones limitadas.<\/p>\n\n\n\n<p><br>\u2695\ufe0f <strong>Salud y Bienestar:<\/strong><br>&#8211;  Si tienes condiciones m\u00e9dicas, consulta con tu m\u00e9dico antes del viaje y aseg\u00farate de llevar tus medicamentos necesarios.<br>&#8211;  Algunos tours incluyen caminatas en altitudes elevadas; av\u00edsanos si necesitas asistencia adicional o un ritmo adaptado.<\/p>\n\n\n\n<p><br>\ud83d\udcc6 <strong>Fechas Especiales:<\/strong><br>&#8211;  Reservas en fechas festivas o feriados nacionales deben realizarse con anticipaci\u00f3n.<br>&#8211;  Las festividades locales pueden influir en el itinerario, pero tambi\u00e9n ofrecen oportunidades \u00fanicas de inmersi\u00f3n cultural.<\/p>\n\n\n\n<p><br>\ud83c\udf92 <strong>Requerimientos Generales:<\/strong><br>&#8211;  Lleva ropa adecuada seg\u00fan el clima y el tipo de tour (zapatos c\u00f3modos, impermeable, protector solar, etc.).<br>&#8211;  El pasaporte y documentos de identificaci\u00f3n deben estar vigentes, especialmente para visitas a lugares como Machu Picchu.<br>&#8211;  Respeta las normas locales y culturales en cada destino para una experiencia enriquecedora y respetuosa.<br><\/p>\n\n\n\n<p>Si tienes dudas o necesidades espec\u00edficas, \u00a1cont\u00e1ctanos! Estamos aqu\u00ed para asegurarnos de que tu experiencia sea perfecta. \ud83c\udf1f<\/p>\n<\/div><\/div>\n<\/div><\/div>\n<\/div><\/section><\/div>","protected":false},"excerpt":{"rendered":"","protected":false},"author":2,"featured_media":0,"parent":0,"menu_order":0,"comment_status":"closed","ping_status":"closed","template":"","meta":{"_gspb_post_css":"","_kad_post_transparent":"","_kad_post_title":"hide","_kad_post_layout":"fullwidth","_kad_post_sidebar_id":"","_kad_post_content_style":"unboxed","_kad_post_vertical_padding":"","_kad_post_feature":"","_kad_post_feature_position":"","_kad_post_header":false,"_kad_post_footer":false,"_kad_post_classname":"","footnotes":""},"class_list":["post-2167","page","type-page","status-publish","hentry"],"aioseo_notices":[],"_links":{"self":[{"href":"https:\/\/cusconavelagency.com\/en\/wp-json\/wp\/v2\/pages\/2167","targetHints":{"allow":["GET"]}}],"collection":[{"href":"https:\/\/cusconavelagency.com\/en\/wp-json\/wp\/v2\/pages"}],"about":[{"href":"https:\/\/cusconavelagency.com\/en\/wp-json\/wp\/v2\/types\/page"}],"author":[{"embeddable":true,"href":"https:\/\/cusconavelagency.com\/en\/wp-json\/wp\/v2\/users\/2"}],"replies":[{"embeddable":true,"href":"https:\/\/cusconavelagency.com\/en\/wp-json\/wp\/v2\/comments?post=2167"}],"version-history":[{"count":2,"href":"https:\/\/cusconavelagency.com\/en\/wp-json\/wp\/v2\/pages\/2167\/revisions"}],"predecessor-version":[{"id":2170,"href":"https:\/\/cusconavelagency.com\/en\/wp-json\/wp\/v2\/pages\/2167\/revisions\/2170"}],"wp:attachment":[{"href":"https:\/\/cusconavelagency.com\/en\/wp-json\/wp\/v2\/media?parent=2167"}],"curies":[{"name":"wp","href":"https:\/\/api.w.org\/{rel}","templated":true}]}}