{"id":150,"date":"2024-08-01T20:26:29","date_gmt":"2024-08-02T01:26:29","guid":{"rendered":"https:\/\/cusconavelagency.com\/?page_id=150"},"modified":"2025-09-16T16:04:50","modified_gmt":"2025-09-16T21:04:50","slug":"blog","status":"publish","type":"page","link":"https:\/\/cusconavelagency.com\/en\/blog\/","title":{"rendered":"Blog"},"content":{"rendered":"\n<div class=\"section-wrapper\" data-id=\"vJe1tf\"><section class=\"wp-block-gutenverse-section guten-element guten-section guten-vJe1tf layout-boxed align-stretch\"><div class=\"guten-background-overlay\"><\/div><div class=\"guten-container guten-column-gap-default\">\n<div class=\"wp-block-gutenverse-column guten-element guten-column guten-o24z2N\"><div class=\"guten-column-wrapper\" data-id=\"o24z2N\">\n<h2 class=\"wp-block-gutenverse-heading guten-element guten-55mDXT\">NUESTRO BLOG<\/h2>\n\n\n\n<div class=\"guten-element guten-icon-list guten-z3kUzj\"><div class=\" list-wrapper inline-icon-list\">\n<div class=\"guten-element guten-icon-list-item guten-W6X1hh\"><div class=\"list-divider\"><\/div><a id=\"guten-W6X1hh\" href=\"https:\/\/cusconavelagency.com\/\"><span class=\"list-text no-icon\">Inicio<\/span><\/a><\/div>\n\n\n\n<div class=\"guten-element guten-icon-list-item guten-ux32Ik\"><div class=\"list-divider\"><\/div><a id=\"guten-ux32Ik\" href=\"https:\/\/cusconavelagency.com\/blog\/\"><i class=\"fas fa-chevron-right\"><\/i><span class=\"list-text \">Blog<\/span><\/a><\/div>\n<\/div><\/div>\n<\/div><\/div>\n<\/div><\/section><\/div>\n\n\n\n<div class=\"section-wrapper\" data-id=\"jE5fRc\"><section class=\"wp-block-gutenverse-section guten-element guten-section guten-jE5fRc layout-boxed align-stretch\"><div class=\"guten-container guten-column-gap-default\">\n<div class=\"wp-block-gutenverse-column guten-element guten-column guten-KhvMhz\"><div class=\"guten-column-wrapper\" data-id=\"KhvMhz\">\n<h5 class=\"wp-block-gutenverse-heading guten-element guten-hJSMMq\">Con\u00e9ctate con el pasado, vive el presente, despierta tu alma.<\/h5>\n\n\n\n<h2 class=\"wp-block-gutenverse-heading guten-element guten-bsCdV0\">Explora los Misterios de Cusco: <br>Viajes M\u00edsticos y Vivenciales<\/h2>\n\n\n\n<div class=\"guten-element gutenverse-text-editor guten-0vkpId\"><div class=\"text-content-inner\">\n<p>Sum\u00e9rgete en los enigmas ancestrales de la tierra de los incas. En nuestra secci\u00f3n de blogs, descubrir\u00e1s historias fascinantes, leyendas espirituales y secretos ocultos de los destinos m\u00e1s m\u00edsticos de Cusco. Desde el legendario Coricancha hasta los antiguos rituales andinos, cada art\u00edculo te invita a vivir una experiencia transformadora. Explora nuestras gu\u00edas, consejos de viaje y revelaciones espirituales para hacer de tu aventura algo m\u00e1s que un simple recorrido: un despertar del alma.<\/p>\n<\/div><\/div>\n\n\n<div  class=\"gutenverse guten-postblock postblock-type-3 guten-pagination-disable  post-element guten-bFmozG\"  data-id=\"guten-bFmozG\" data-settings=\"{&quot;elementId&quot;:&quot;guten-bFmozG&quot;,&quot;numberPost&quot;:&quot;6&quot;,&quot;column&quot;:{&quot;Desktop&quot;:&quot;3&quot;,&quot;Mobile&quot;:&quot;1&quot;},&quot;categoryPosition&quot;:&quot;left&quot;,&quot;excerptLength&quot;:&quot;23&quot;,&quot;metaAuthorEnabled&quot;:false,&quot;postblockType&quot;:&quot;type-3&quot;,&quot;postItemMargin&quot;:{&quot;Desktop&quot;:[]},&quot;postItemPadding&quot;:{&quot;Desktop&quot;:[]},&quot;postItemBorder&quot;:{&quot;radius&quot;:{&quot;Desktop&quot;:[]}},&quot;thumbnailRadius&quot;:{&quot;Desktop&quot;:{&quot;unit&quot;:&quot;px&quot;,&quot;dimension&quot;:{&quot;top&quot;:&quot;20&quot;,&quot;bottom&quot;:&quot;20&quot;}},&quot;Tablet&quot;:[]},&quot;paginationMargin&quot;:{&quot;Desktop&quot;:[]},&quot;paginationPadding&quot;:{&quot;Desktop&quot;:[]},&quot;paginationBorder&quot;:{&quot;radius&quot;:{&quot;Desktop&quot;:[]}},&quot;inheritQuery&quot;:true,&quot;postType&quot;:&quot;post&quot;,&quot;postOffset&quot;:0,&quot;excludeCurrentPost&quot;:false,&quot;includePost&quot;:[],&quot;excludePost&quot;:[],&quot;includeCategory&quot;:[],&quot;excludeCategory&quot;:[],&quot;includeAuthor&quot;:[],&quot;includeTag&quot;:[],&quot;excludeTag&quot;:[],&quot;htmlTag&quot;:&quot;h3&quot;,&quot;categoryEnabled&quot;:true,&quot;excerptEnabled&quot;:true,&quot;excerptMore&quot;:&quot;...&quot;,&quot;readmoreEnabled&quot;:true,&quot;readmoreIcon&quot;:&quot;fas fa-arrow-right&quot;,&quot;readmoreIconPosition&quot;:&quot;after&quot;,&quot;readmoreText&quot;:&quot;Read More&quot;,&quot;commentEnabled&quot;:false,&quot;commentIcon&quot;:&quot;fas fa-comment&quot;,&quot;commentIconPosition&quot;:&quot;before&quot;,&quot;metaEnabled&quot;:true,&quot;metaAuthorByText&quot;:&quot;by&quot;,&quot;metaAuthorIcon&quot;:&quot;fas fa-user&quot;,&quot;metaAuthorIconPosition&quot;:&quot;before&quot;,&quot;metaDateEnabled&quot;:true,&quot;metaDateType&quot;:&quot;published&quot;,&quot;metaDateFormat&quot;:&quot;default&quot;,&quot;metaDateFormatCustom&quot;:&quot;&quot;,&quot;metaDateIcon&quot;:&quot;fas fa-clock&quot;,&quot;metaDateIconPosition&quot;:&quot;before&quot;,&quot;breakpoint&quot;:&quot;tablet&quot;,&quot;noContentText&quot;:&quot;No Content&quot;,&quot;paginationMode&quot;:&quot;disable&quot;,&quot;paginationLoadmoreText&quot;:&quot;Load More&quot;,&quot;paginationLoadingText&quot;:&quot;Loading...&quot;,&quot;paginationNumberPost&quot;:3,&quot;paginationScrollLimit&quot;:0,&quot;paginationIcon&quot;:&quot;&quot;,&quot;paginationIconType&quot;:&quot;icon&quot;,&quot;paginationIconSVG&quot;:&quot;&quot;,&quot;paginationIconPosition&quot;:&quot;before&quot;,&quot;background&quot;:[],&quot;backgroundHover&quot;:[],&quot;animation&quot;:[],&quot;paginationPrevNextText&quot;:true,&quot;paginationPrevText&quot;:&quot;Prev&quot;,&quot;paginationNextText&quot;:&quot;Next&quot;,&quot;paginationPrevIcon&quot;:&quot;fas fa-chevron-left&quot;,&quot;paginationPrevIconType&quot;:&quot;icon&quot;,&quot;paginationNextIcon&quot;:&quot;fas fa-chevron-right&quot;,&quot;paginationNextIconType&quot;:&quot;icon&quot;,&quot;contentOrder&quot;:[{&quot;label&quot;:&quot;Title&quot;,&quot;value&quot;:&quot;title&quot;},{&quot;label&quot;:&quot;Meta&quot;,&quot;value&quot;:&quot;meta&quot;},{&quot;label&quot;:&quot;Excerpt&quot;,&quot;value&quot;:&quot;excerpt&quot;},{&quot;label&quot;:&quot;Read More&quot;,&quot;value&quot;:&quot;read&quot;}],&quot;paginationLoadmoreAnimation&quot;:&quot;&quot;,&quot;paginationLoadmoreAnimationSequence&quot;:&quot;&quot;,&quot;paged&quot;:1,&quot;class&quot;:null}\"><div class=\"guten-block-container\">\n            <div class=\"guten-posts guten-ajax-flag\">\n            <article class=\"guten-post post-10136 post type-post status-publish format-standard hentry\">\n                    <div class=\"guten-thumb\"><a aria-label=\"Juego En L&iacute;nea En Bitcoin Casino\" href=\"javascript:void(0);\" data-href=\"https:\/\/cusconavelagency.com\/en\/juego-en-l%C3%ADnea-en-bitcoin-casino\/\"><div class=\"thumbnail-container no_thumbnail\">\n            \n\t\t\t<div class=\"guten-overlay\"><\/div>\n        <\/div><\/a><\/div>\n                    <div class=\"guten-postblock-content\"><h3 class=\"guten-post-title\">\n\t\t\t\t\t\t\t<a aria-label=\"Juego En L&iacute;nea En Bitcoin Casino\" href=\"javascript:void(0);\" data-href=\"https:\/\/cusconavelagency.com\/en\/juego-en-l%C3%ADnea-en-bitcoin-casino\/\">Juego En L&iacute;nea En Bitcoin Casino<\/a>\n\t\t\t\t\t\t<\/h3><div class=\"guten-post-meta\"><div class=\"guten-meta-date icon-position-before\"><i aria-hidden=\"true\" class=\"fas fa-clock\"><\/i>October 7, 2025<\/div><\/div><div class=\"guten-post-excerpt\"><p>Juego En L&iacute;nea En Bitcoin Casino Esto, que es crucial cuando se trata del manejo de su informaci&oacute;n y activos personales. Juego en&#8230;<\/p><\/div><div class=\"guten-post-meta-bottom\">\n\t\t\t\t\t\t\t<div class=\"guten-meta-readmore icon-position-after\">\n\t\t\t\t<a aria-label=\"Read more about Juego En L&iacute;nea En Bitcoin Casino\" href=\"javascript:void(0);\" data-href=\"https:\/\/cusconavelagency.com\/en\/juego-en-l%C3%ADnea-en-bitcoin-casino\/\" class=\"guten-readmore\">Read More<i aria-hidden=\"true\" class=\"fas fa-arrow-right\"><\/i><span class=\"screen-reader-text\"> about Juego En L&iacute;nea En Bitcoin Casino<\/span><\/a>\n\t\t\t<\/div>\n\t\t\t\t\t\t<\/div><\/div>\n                <\/article><article class=\"guten-post post-10135 post type-post status-publish format-standard hentry\">\n                    <div class=\"guten-thumb\"><a aria-label=\"Estrategias Blackjack 21\" href=\"javascript:void(0);\" data-href=\"https:\/\/cusconavelagency.com\/en\/estrategias-blackjack-21\/\"><div class=\"thumbnail-container no_thumbnail\">\n            \n\t\t\t<div class=\"guten-overlay\"><\/div>\n        <\/div><\/a><\/div>\n                    <div class=\"guten-postblock-content\"><h3 class=\"guten-post-title\">\n\t\t\t\t\t\t\t<a aria-label=\"Estrategias Blackjack 21\" href=\"javascript:void(0);\" data-href=\"https:\/\/cusconavelagency.com\/en\/estrategias-blackjack-21\/\">Estrategias Blackjack 21<\/a>\n\t\t\t\t\t\t<\/h3><div class=\"guten-post-meta\"><div class=\"guten-meta-date icon-position-before\"><i aria-hidden=\"true\" class=\"fas fa-clock\"><\/i>October 7, 2025<\/div><\/div><div class=\"guten-post-excerpt\"><p>Estrategias Blackjack 21 Tenemos que decir que jugar en un casino es muy intuitivo, estrategias blackjack 21 Starburst. Este lugar multifac&eacute;tico tambi&eacute;n incluye&#8230;<\/p><\/div><div class=\"guten-post-meta-bottom\">\n\t\t\t\t\t\t\t<div class=\"guten-meta-readmore icon-position-after\">\n\t\t\t\t<a aria-label=\"Read more about Estrategias Blackjack 21\" href=\"javascript:void(0);\" data-href=\"https:\/\/cusconavelagency.com\/en\/estrategias-blackjack-21\/\" class=\"guten-readmore\">Read More<i aria-hidden=\"true\" class=\"fas fa-arrow-right\"><\/i><span class=\"screen-reader-text\"> about Estrategias Blackjack 21<\/span><\/a>\n\t\t\t<\/div>\n\t\t\t\t\t\t<\/div><\/div>\n                <\/article><article class=\"guten-post post-10134 post type-post status-publish format-standard hentry\">\n                    <div class=\"guten-thumb\"><a aria-label=\"Craps Como Jugar\" href=\"javascript:void(0);\" data-href=\"https:\/\/cusconavelagency.com\/en\/craps-como-jugar\/\"><div class=\"thumbnail-container no_thumbnail\">\n            \n\t\t\t<div class=\"guten-overlay\"><\/div>\n        <\/div><\/a><\/div>\n                    <div class=\"guten-postblock-content\"><h3 class=\"guten-post-title\">\n\t\t\t\t\t\t\t<a aria-label=\"Craps Como Jugar\" href=\"javascript:void(0);\" data-href=\"https:\/\/cusconavelagency.com\/en\/craps-como-jugar\/\">Craps Como Jugar<\/a>\n\t\t\t\t\t\t<\/h3><div class=\"guten-post-meta\"><div class=\"guten-meta-date icon-position-before\"><i aria-hidden=\"true\" class=\"fas fa-clock\"><\/i>October 7, 2025<\/div><\/div><div class=\"guten-post-excerpt\"><p>Craps Como Jugar El casino tambi&eacute;n es totalmente receptivo, especialmente con reembolsos. Craps como jugar a cambio, tambi&eacute;n puede ser muy inconveniente. Confirma&#8230;<\/p><\/div><div class=\"guten-post-meta-bottom\">\n\t\t\t\t\t\t\t<div class=\"guten-meta-readmore icon-position-after\">\n\t\t\t\t<a aria-label=\"Read more about Craps Como Jugar\" href=\"javascript:void(0);\" data-href=\"https:\/\/cusconavelagency.com\/en\/craps-como-jugar\/\" class=\"guten-readmore\">Read More<i aria-hidden=\"true\" class=\"fas fa-arrow-right\"><\/i><span class=\"screen-reader-text\"> about Craps Como Jugar<\/span><\/a>\n\t\t\t<\/div>\n\t\t\t\t\t\t<\/div><\/div>\n                <\/article><article class=\"guten-post post-10133 post type-post status-publish format-standard hentry\">\n                    <div class=\"guten-thumb\"><a aria-label=\"Juego De Ruletas De Retos\" href=\"javascript:void(0);\" data-href=\"https:\/\/cusconavelagency.com\/en\/juego-de-ruletas-de-retos\/\"><div class=\"thumbnail-container no_thumbnail\">\n            \n\t\t\t<div class=\"guten-overlay\"><\/div>\n        <\/div><\/a><\/div>\n                    <div class=\"guten-postblock-content\"><h3 class=\"guten-post-title\">\n\t\t\t\t\t\t\t<a aria-label=\"Juego De Ruletas De Retos\" href=\"javascript:void(0);\" data-href=\"https:\/\/cusconavelagency.com\/en\/juego-de-ruletas-de-retos\/\">Juego De Ruletas De Retos<\/a>\n\t\t\t\t\t\t<\/h3><div class=\"guten-post-meta\"><div class=\"guten-meta-date icon-position-before\"><i aria-hidden=\"true\" class=\"fas fa-clock\"><\/i>October 7, 2025<\/div><\/div><div class=\"guten-post-excerpt\"><p>Juego De Ruletas De Retos Al a&ntilde;o siguiente, juego de ruletas de retos el reportero de ESPN Jacob Wolf anunci&oacute; que la suspensi&oacute;n&#8230;<\/p><\/div><div class=\"guten-post-meta-bottom\">\n\t\t\t\t\t\t\t<div class=\"guten-meta-readmore icon-position-after\">\n\t\t\t\t<a aria-label=\"Read more about Juego De Ruletas De Retos\" href=\"javascript:void(0);\" data-href=\"https:\/\/cusconavelagency.com\/en\/juego-de-ruletas-de-retos\/\" class=\"guten-readmore\">Read More<i aria-hidden=\"true\" class=\"fas fa-arrow-right\"><\/i><span class=\"screen-reader-text\"> about Juego De Ruletas De Retos<\/span><\/a>\n\t\t\t<\/div>\n\t\t\t\t\t\t<\/div><\/div>\n                <\/article><article class=\"guten-post post-10132 post type-post status-publish format-standard hentry\">\n                    <div class=\"guten-thumb\"><a aria-label=\"Juega Gratis A Lucky Lightning En Modo Demo\" href=\"javascript:void(0);\" data-href=\"https:\/\/cusconavelagency.com\/en\/juega-gratis-a-lucky-lightning-en-modo-demo\/\"><div class=\"thumbnail-container no_thumbnail\">\n            \n\t\t\t<div class=\"guten-overlay\"><\/div>\n        <\/div><\/a><\/div>\n                    <div class=\"guten-postblock-content\"><h3 class=\"guten-post-title\">\n\t\t\t\t\t\t\t<a aria-label=\"Juega Gratis A Lucky Lightning En Modo Demo\" href=\"javascript:void(0);\" data-href=\"https:\/\/cusconavelagency.com\/en\/juega-gratis-a-lucky-lightning-en-modo-demo\/\">Juega Gratis A Lucky Lightning En Modo Demo<\/a>\n\t\t\t\t\t\t<\/h3><div class=\"guten-post-meta\"><div class=\"guten-meta-date icon-position-before\"><i aria-hidden=\"true\" class=\"fas fa-clock\"><\/i>October 7, 2025<\/div><\/div><div class=\"guten-post-excerpt\"><p>Juega Gratis A Lucky Lightning En Modo Demo C&oacute;mo jugar al Blackjack con crupier en l&iacute;nea tradicional Los casinos online, muchos sitios de&#8230;<\/p><\/div><div class=\"guten-post-meta-bottom\">\n\t\t\t\t\t\t\t<div class=\"guten-meta-readmore icon-position-after\">\n\t\t\t\t<a aria-label=\"Read more about Juega Gratis A Lucky Lightning En Modo Demo\" href=\"javascript:void(0);\" data-href=\"https:\/\/cusconavelagency.com\/en\/juega-gratis-a-lucky-lightning-en-modo-demo\/\" class=\"guten-readmore\">Read More<i aria-hidden=\"true\" class=\"fas fa-arrow-right\"><\/i><span class=\"screen-reader-text\"> about Juega Gratis A Lucky Lightning En Modo Demo<\/span><\/a>\n\t\t\t<\/div>\n\t\t\t\t\t\t<\/div><\/div>\n                <\/article><article class=\"guten-post post-10131 post type-post status-publish format-standard hentry\">\n                    <div class=\"guten-thumb\"><a aria-label=\"Burgos Casino Codigo Promocional Y Bonus Code 2025\" href=\"javascript:void(0);\" data-href=\"https:\/\/cusconavelagency.com\/en\/burgos-casino-codigo-promocional-y-bonus-code-2025\/\"><div class=\"thumbnail-container no_thumbnail\">\n            \n\t\t\t<div class=\"guten-overlay\"><\/div>\n        <\/div><\/a><\/div>\n                    <div class=\"guten-postblock-content\"><h3 class=\"guten-post-title\">\n\t\t\t\t\t\t\t<a aria-label=\"Burgos Casino Codigo Promocional Y Bonus Code 2025\" href=\"javascript:void(0);\" data-href=\"https:\/\/cusconavelagency.com\/en\/burgos-casino-codigo-promocional-y-bonus-code-2025\/\">Burgos Casino Codigo Promocional Y Bonus Code 2025<\/a>\n\t\t\t\t\t\t<\/h3><div class=\"guten-post-meta\"><div class=\"guten-meta-date icon-position-before\"><i aria-hidden=\"true\" class=\"fas fa-clock\"><\/i>October 7, 2025<\/div><\/div><div class=\"guten-post-excerpt\"><p>Burgos Casino Codigo Promocional Y Bonus Code 2025 Todos los cuales pueden ofrecer promociones especiales para que uses giros gratis o bonos en&#8230;<\/p><\/div><div class=\"guten-post-meta-bottom\">\n\t\t\t\t\t\t\t<div class=\"guten-meta-readmore icon-position-after\">\n\t\t\t\t<a aria-label=\"Read more about Burgos Casino Codigo Promocional Y Bonus Code 2025\" href=\"javascript:void(0);\" data-href=\"https:\/\/cusconavelagency.com\/en\/burgos-casino-codigo-promocional-y-bonus-code-2025\/\" class=\"guten-readmore\">Read More<i aria-hidden=\"true\" class=\"fas fa-arrow-right\"><\/i><span class=\"screen-reader-text\"> about Burgos Casino Codigo Promocional Y Bonus Code 2025<\/span><\/a>\n\t\t\t<\/div>\n\t\t\t\t\t\t<\/div><\/div>\n                <\/article>\n        <\/div>\n        <\/div><\/div><\/div><\/div>\n<\/div><\/section><\/div>\n","protected":false},"excerpt":{"rendered":"","protected":false},"author":2,"featured_media":0,"parent":0,"menu_order":0,"comment_status":"closed","ping_status":"open","template":"","meta":{"_gspb_post_css":"","_kad_post_transparent":"","_kad_post_title":"hide","_kad_post_layout":"fullwidth","_kad_post_sidebar_id":"","_kad_post_content_style":"unboxed","_kad_post_vertical_padding":"","_kad_post_feature":"","_kad_post_feature_position":"","_kad_post_header":false,"_kad_post_footer":false,"_kad_post_classname":"","footnotes":""},"class_list":["post-150","page","type-page","status-publish","hentry"],"aioseo_notices":[],"_links":{"self":[{"href":"https:\/\/cusconavelagency.com\/en\/wp-json\/wp\/v2\/pages\/150","targetHints":{"allow":["GET"]}}],"collection":[{"href":"https:\/\/cusconavelagency.com\/en\/wp-json\/wp\/v2\/pages"}],"about":[{"href":"https:\/\/cusconavelagency.com\/en\/wp-json\/wp\/v2\/types\/page"}],"author":[{"embeddable":true,"href":"https:\/\/cusconavelagency.com\/en\/wp-json\/wp\/v2\/users\/2"}],"replies":[{"embeddable":true,"href":"https:\/\/cusconavelagency.com\/en\/wp-json\/wp\/v2\/comments?post=150"}],"version-history":[{"count":17,"href":"https:\/\/cusconavelagency.com\/en\/wp-json\/wp\/v2\/pages\/150\/revisions"}],"predecessor-version":[{"id":2829,"href":"https:\/\/cusconavelagency.com\/en\/wp-json\/wp\/v2\/pages\/150\/revisions\/2829"}],"wp:attachment":[{"href":"https:\/\/cusconavelagency.com\/en\/wp-json\/wp\/v2\/media?parent=150"}],"curies":[{"name":"wp","href":"https:\/\/api.w.org\/{rel}","templated":true}]}}